{"id":188,"date":"2024-10-25T15:42:18","date_gmt":"2024-10-25T13:42:18","guid":{"rendered":"https:\/\/aureliachretien.com\/?page_id=188"},"modified":"2026-01-25T17:34:35","modified_gmt":"2026-01-25T16:34:35","slug":"aurelia-chretien-2","status":"publish","type":"page","link":"https:\/\/aureliachretien.com\/index.php\/aurelia-chretien-2\/","title":{"rendered":"Aur\u00e9lia Chr\u00e9tien"},"content":{"rendered":"\n<div class=\"wp-block-columns is-layout-flex wp-container-core-columns-is-layout-28f84493 wp-block-columns-is-layout-flex\">\n<div class=\"wp-block-column is-layout-flow wp-block-column-is-layout-flow\">\n<p class=\"has-text-align-left has-black-color has-text-color has-link-color wp-elements-a9e5bc45bd2b39eef7507afc1d96ab8c\" style=\"border-style:none;border-width:0px;font-size:14px\">Je m\u2019appelle Aur\u00e9lia, je suis psychologue clinicienne, pr\u00e9paratrice mentale, et titulaire d\u2019un doctorat en psychologie du sport. Je suis passionn\u00e9e par le fonctionnement de l\u2019individu et la mani\u00e8re dont nous pouvons nous <strong>R\u00e9parer<\/strong> apr\u00e8s avoir travers\u00e9 certaines \u00e9preuves et traumatismes. J\u2019adore \u00eatre en mouvement, marcher, courir, randonner, et me challenger, me fixer des objectifs, ce qui m\u2019a conduit \u00e0 r\u00e9aliser une th\u00e8se de doctorat sur la sant\u00e9 des athl\u00e8tes de haut niveau. J\u2019ai orient\u00e9 mes recherches autour du concept de <strong>R\u00e9silience<\/strong>, et j\u2019ai soutenu ce travail de recherche en d\u00e9cembre 2024. Depuis, je me consacre pleinement \u00e0 mes activit\u00e9s au sein de mon cabinet en accompagnant des patients sur le chemin de la psychoth\u00e9rapie.<\/p>\n<\/div>\n\n\n\n<div class=\"wp-block-column is-layout-flow wp-block-column-is-layout-flow\">\n<figure class=\"wp-block-image size-large\"><img loading=\"lazy\" decoding=\"async\" width=\"1024\" height=\"1024\" src=\"https:\/\/aureliachretien.com\/wp-content\/uploads\/2024\/11\/lOGO-AURELIA-CHRETIEN-6-1024x1024.png\" alt=\"\" class=\"wp-image-454\" srcset=\"https:\/\/aureliachretien.com\/wp-content\/uploads\/2024\/11\/lOGO-AURELIA-CHRETIEN-6-1024x1024.png 1024w, https:\/\/aureliachretien.com\/wp-content\/uploads\/2024\/11\/lOGO-AURELIA-CHRETIEN-6-300x300.png 300w, https:\/\/aureliachretien.com\/wp-content\/uploads\/2024\/11\/lOGO-AURELIA-CHRETIEN-6-150x150.png 150w, https:\/\/aureliachretien.com\/wp-content\/uploads\/2024\/11\/lOGO-AURELIA-CHRETIEN-6-768x768.png 768w, https:\/\/aureliachretien.com\/wp-content\/uploads\/2024\/11\/lOGO-AURELIA-CHRETIEN-6-1536x1536.png 1536w, https:\/\/aureliachretien.com\/wp-content\/uploads\/2024\/11\/lOGO-AURELIA-CHRETIEN-6.png 1563w\" sizes=\"auto, (max-width: 1024px) 100vw, 1024px\" \/><\/figure>\n<\/div>\n<\/div>\n\n\n\n<p class=\"has-text-align-center has-background-color-color has-text-color has-link-color wp-elements-a3f3c394fa7f32aa7519acc2117b0713\" style=\"font-size:33px\">Mon Approche<\/p>\n\n\n\n<p class=\"has-black-color has-text-color has-link-color wp-elements-cbeaa77db123a00342b96948a27930f0\" style=\"border-style:none;border-width:0px;font-size:14px\"><br>J\u2019adopte une <strong>approche th\u00e9rapeutique int\u00e9grative<\/strong> afin de m\u2019adapter aux besoins sp\u00e9cifiques de chaque patient et individualiser chaque rencontre. Je m\u2019appuie notamment sur les th\u00e9ories de l\u2019attachement pour comprendre l\u2019impact des premi\u00e8res relations sur le d\u00e9veloppement de l\u2019individu. J\u2019int\u00e8gre \u00e9galement les principes des th\u00e9rapies cognitives et comportementales (TCC) afin de travailler sur les pens\u00e9es, les \u00e9motions et les comportements. Par ailleurs, j\u2019accorde une attention particuli\u00e8re aux liens entre blessures \u00e9motionnelles et expressions corporelles, en valorisant l\u2019int\u00e9gration du corps dans le processus th\u00e9rapeutique. Dans cette approche globale, je peux \u00e9galement propos\u00e9 un accompagnement par l&rsquo;EMDR lorsque cela est indiqu\u00e9, notamment dans le travail autour des exp\u00e9riences traumatiques.<\/p>\n\n\n\n<p style=\"font-size:14px\">Mon titre de psychologue est enregistr\u00e9 aupr\u00e8s de l\u2019Agence R\u00e9gionale de la Sant\u00e9 sous le N\u00b0 ADELI : 839310513&nbsp;<\/p>\n\n\n\n<div class=\"wp-block-columns is-layout-flex wp-container-core-columns-is-layout-28f84493 wp-block-columns-is-layout-flex\">\n<div class=\"wp-block-column is-layout-flow wp-block-column-is-layout-flow\"><\/div>\n\n\n\n<div class=\"wp-block-column is-layout-flow wp-block-column-is-layout-flow\"><\/div>\n<\/div>\n\n\n\n<div class=\"wp-block-group alignfull has-background\" style=\"background-color:#f8f8f8\"><div class=\"wp-block-group__inner-container is-layout-constrained wp-block-group-is-layout-constrained\">\n<p class=\"has-text-align-center has-background-color-color has-text-color has-background has-link-color wp-elements-69201cce25e2e2766ddde503886acf8f\" style=\"border-style:none;border-width:0px;background-color:#f8f8f8;padding-top:var(--wp--preset--spacing--30);padding-right:0;padding-bottom:var(--wp--preset--spacing--30);padding-left:0;font-size:33px\">Mes Valeurs<\/p>\n\n\n\n<div id=\"wp-block-themeisle-blocks-advanced-columns-0756495c\" class=\"wp-block-themeisle-blocks-advanced-columns alignfull has-4-columns has-desktop-equal-layout has-tablet-equal-layout has-mobile-collapsedRows-layout has-vertical-unset has-light-bg\"><div class=\"wp-block-themeisle-blocks-advanced-columns-overlay\"><\/div><div class=\"innerblocks-wrap\">\n<div id=\"wp-block-themeisle-blocks-advanced-column-6e902b2a\" class=\"wp-block-themeisle-blocks-advanced-column has-light-bg\">\n<figure class=\"wp-block-image size-full has-custom-border\"><img loading=\"lazy\" decoding=\"async\" width=\"216\" height=\"218\" src=\"https:\/\/aureliachretien.com\/wp-content\/uploads\/2024\/11\/Capture-decran-2024-11-19-a-15.55.27.png\" alt=\"\" class=\"wp-image-275\" style=\"border-style:none;border-width:0px;border-radius:0px\" srcset=\"https:\/\/aureliachretien.com\/wp-content\/uploads\/2024\/11\/Capture-decran-2024-11-19-a-15.55.27.png 216w, https:\/\/aureliachretien.com\/wp-content\/uploads\/2024\/11\/Capture-decran-2024-11-19-a-15.55.27-150x150.png 150w\" sizes=\"auto, (max-width: 216px) 100vw, 216px\" \/><\/figure>\n\n\n\n<div id=\"wp-block-themeisle-blocks-advanced-columns-e37edc14\" class=\"wp-block-themeisle-blocks-advanced-columns has-1-columns has-desktop-equal-layout has-tablet-equal-layout has-mobile-equal-layout has-vertical-unset\"><div class=\"wp-block-themeisle-blocks-advanced-columns-overlay\"><\/div><div class=\"innerblocks-wrap\">\n<div id=\"wp-block-themeisle-blocks-advanced-column-7030cb7b\" class=\"wp-block-themeisle-blocks-advanced-column\">\n<h4 class=\"wp-block-heading has-text-align-center has-accent-color has-text-color has-link-color wp-elements-29b45c9916a3a4d0794875dc3891a4a8\"><br><strong>Une attitude bienveillante&nbsp;<\/strong><\/h4>\n\n\n\n<p class=\"has-text-align-center has-text-color has-link-color wp-elements-89905e2343f6f9564c7b4d892a52a404\" style=\"color:#070731;font-size:12px\"><br>Adopter <strong>une attitude bienveillante <\/strong>vous permet de vous exprimer pleinement, sans craindre le jugement, m\u00eame lorsque nous abordons certains sujets d\u00e9licats voir tabous. Ainsi, vous pouvez vous sentir en <strong>s\u00e9curit\u00e9<\/strong> pour explorer vos pens\u00e9es et vos \u00e9motions.<\/p>\n<\/div>\n<\/div><\/div>\n<\/div>\n\n\n\n<div id=\"wp-block-themeisle-blocks-advanced-column-33e99253\" class=\"wp-block-themeisle-blocks-advanced-column has-light-bg\">\n<figure class=\"wp-block-image size-full has-custom-border\"><img loading=\"lazy\" decoding=\"async\" width=\"218\" height=\"218\" src=\"http:\/\/aureliachretien.com\/wp-content\/uploads\/2024\/11\/Capture-decran-2024-11-19-a-15.55.33.png\" alt=\"\" class=\"wp-image-276\" style=\"border-style:none;border-width:0px;border-radius:0px\" srcset=\"https:\/\/aureliachretien.com\/wp-content\/uploads\/2024\/11\/Capture-decran-2024-11-19-a-15.55.33.png 218w, https:\/\/aureliachretien.com\/wp-content\/uploads\/2024\/11\/Capture-decran-2024-11-19-a-15.55.33-150x150.png 150w\" sizes=\"auto, (max-width: 218px) 100vw, 218px\" \/><\/figure>\n\n\n\n<div id=\"wp-block-themeisle-blocks-advanced-columns-ada2687f\" class=\"wp-block-themeisle-blocks-advanced-columns has-1-columns has-desktop-equal-layout has-tablet-equal-layout has-mobile-equal-layout has-vertical-unset\"><div class=\"wp-block-themeisle-blocks-advanced-columns-overlay\"><\/div><div class=\"innerblocks-wrap\">\n<div id=\"wp-block-themeisle-blocks-advanced-column-00013bfb\" class=\"wp-block-themeisle-blocks-advanced-column\">\n<h4 class=\"wp-block-heading has-text-align-center has-accent-color has-text-color has-link-color wp-elements-ec617f934656dcd48813eb7f0080ce28\"><br><strong>Une posture authentique<\/strong><\/h4>\n\n\n\n<p class=\"has-text-align-center has-text-color has-link-color wp-elements-dba48e745454b47a0acf1e160938bcda\" style=\"color:#070731;font-size:12px\"><br><strong>Une posture authentique <\/strong>me permet de rester fid\u00e8le \u00e0 mes valeurs et \u00e0 mon approche de la th\u00e9rapie. J\u2019accepte \u00e9galement mes propres limites m\u2019amenant parfois \u00e0 r\u00e9orienter un patient vers un autre professionnel plus \u00e0 m\u00eame d\u2019accompagner certaines probl\u00e9matiques sp\u00e9cifiques.<\/p>\n<\/div>\n<\/div><\/div>\n<\/div>\n\n\n\n<div id=\"wp-block-themeisle-blocks-advanced-column-2b312319\" class=\"wp-block-themeisle-blocks-advanced-column has-light-bg\">\n<figure class=\"wp-block-image size-full is-resized has-custom-border\"><img loading=\"lazy\" decoding=\"async\" width=\"206\" height=\"206\" src=\"https:\/\/aureliachretien.com\/wp-content\/uploads\/2024\/11\/Capture-decran-2024-11-19-a-15.55.40.png\" alt=\"\" class=\"wp-image-278\" style=\"border-style:none;border-width:0px;border-radius:0px;width:217px;height:auto\" srcset=\"https:\/\/aureliachretien.com\/wp-content\/uploads\/2024\/11\/Capture-decran-2024-11-19-a-15.55.40.png 206w, https:\/\/aureliachretien.com\/wp-content\/uploads\/2024\/11\/Capture-decran-2024-11-19-a-15.55.40-150x150.png 150w\" sizes=\"auto, (max-width: 206px) 100vw, 206px\" \/><\/figure>\n\n\n\n<div id=\"wp-block-themeisle-blocks-advanced-columns-b27500bd\" class=\"wp-block-themeisle-blocks-advanced-columns has-1-columns has-desktop-equal-layout has-tablet-equal-layout has-mobile-equal-layout has-vertical-unset\"><div class=\"wp-block-themeisle-blocks-advanced-columns-overlay\"><\/div><div class=\"innerblocks-wrap\">\n<div id=\"wp-block-themeisle-blocks-advanced-column-e648a713\" class=\"wp-block-themeisle-blocks-advanced-column\">\n<h4 class=\"wp-block-heading has-text-align-center has-accent-color has-text-color has-link-color wp-elements-cd2fba766bdf6d35318ef6ca47ce6e1a\"><br><strong>Une relation de confiance<\/strong><\/h4>\n\n\n\n<p class=\"has-text-align-center has-text-color has-link-color wp-elements-b09485981d49d8643cbcad6d27078da6\" style=\"color:#070731;font-size:12px\"><br>Instaurer une <strong>relation de confiance mutuelle <\/strong>est indispensable \u00e0 tout travail th\u00e9rapeutique. Cette confiance se tisse progressivement au fil de nos s\u00e9ances, gr\u00e2ce au <strong>respect<\/strong> de chaque patient, et \u00e0 la stricte <strong>confidentialit\u00e9<\/strong> de nos \u00e9changes, favorisant un espace s\u00e9curisant.<\/p>\n<\/div>\n<\/div><\/div>\n<\/div>\n\n\n\n<div id=\"wp-block-themeisle-blocks-advanced-column-9c784a90\" class=\"wp-block-themeisle-blocks-advanced-column has-light-bg\">\n<figure class=\"wp-block-image size-full has-custom-border\"><img loading=\"lazy\" decoding=\"async\" width=\"220\" height=\"220\" src=\"https:\/\/aureliachretien.com\/wp-content\/uploads\/2024\/11\/Capture-decran-2024-11-19-a-15.55.49.png\" alt=\"\" class=\"wp-image-279\" style=\"border-style:none;border-width:0px;border-radius:0px\" srcset=\"https:\/\/aureliachretien.com\/wp-content\/uploads\/2024\/11\/Capture-decran-2024-11-19-a-15.55.49.png 220w, https:\/\/aureliachretien.com\/wp-content\/uploads\/2024\/11\/Capture-decran-2024-11-19-a-15.55.49-150x150.png 150w\" sizes=\"auto, (max-width: 220px) 100vw, 220px\" \/><\/figure>\n\n\n\n<div id=\"wp-block-themeisle-blocks-advanced-columns-2be4028f\" class=\"wp-block-themeisle-blocks-advanced-columns has-1-columns has-desktop-equal-layout has-tablet-equal-layout has-mobile-equal-layout has-vertical-unset\"><div class=\"wp-block-themeisle-blocks-advanced-columns-overlay\"><\/div><div class=\"innerblocks-wrap\">\n<div id=\"wp-block-themeisle-blocks-advanced-column-22992b76\" class=\"wp-block-themeisle-blocks-advanced-column\">\n<h4 class=\"wp-block-heading has-text-align-center has-accent-color has-text-color has-link-color wp-elements-2d32f7d4e66e2ae14e4201c3b6f2f552\"><br><strong>Une \u00e9coute attentive &nbsp;<\/strong><\/h4>\n\n\n\n<p class=\"has-text-align-center has-text-color has-link-color wp-elements-56ca9a582e32aaf4a0a90f25ff988a33\" style=\"color:#070731;font-size:12px\"><br>Une <strong>\u00e9coute attentive <\/strong>et <strong>active<\/strong> me permet de saisir pleinement les ressentis et les besoins de chacun. Je vous <strong>\u00e9coute en conscience<\/strong>, tout en maintenant une certaine <strong>neutralit\u00e9<\/strong>, afin de faciliter une r\u00e9flexion sur vos propres croyances et&nbsp; exp\u00e9riences.<\/p>\n<\/div>\n<\/div><\/div>\n<\/div>\n<\/div><\/div>\n<\/div><\/div>\n\n\n\n<div style=\"height:52px\" aria-hidden=\"true\" class=\"wp-block-spacer\"><\/div>\n\n\n\n<p class=\"has-text-align-center has-background-color-color has-white-background-color has-text-color has-background has-link-color wp-elements-0a0f2b101935559f47cbad0d0a028420\" style=\"padding-top:var(--wp--preset--spacing--30);padding-right:0;padding-bottom:var(--wp--preset--spacing--30);padding-left:0;font-size:33px\">Mon Parcours<\/p>\n\n\n<div class=\"wp-block-image animated backInLeft\">\n<figure class=\"aligncenter size-large is-resized\"><img loading=\"lazy\" decoding=\"async\" width=\"724\" height=\"1024\" src=\"http:\/\/aureliachretien.com\/wp-content\/uploads\/2024\/11\/CV-Francais-Simple-Minimaliste-Marron-et-Beige-724x1024.png\" alt=\"\" class=\"wp-image-451\" style=\"width:390px;height:auto\" srcset=\"https:\/\/aureliachretien.com\/wp-content\/uploads\/2024\/11\/CV-Francais-Simple-Minimaliste-Marron-et-Beige-724x1024.png 724w, https:\/\/aureliachretien.com\/wp-content\/uploads\/2024\/11\/CV-Francais-Simple-Minimaliste-Marron-et-Beige-212x300.png 212w, https:\/\/aureliachretien.com\/wp-content\/uploads\/2024\/11\/CV-Francais-Simple-Minimaliste-Marron-et-Beige-768x1086.png 768w\" sizes=\"auto, (max-width: 724px) 100vw, 724px\" \/><\/figure>\n<\/div>\n\n\n<div style=\"height:79px\" aria-hidden=\"true\" class=\"wp-block-spacer\"><\/div>\n\n\n\n<ul class=\"wp-block-social-links has-large-icon-size has-icon-color has-icon-background-color is-content-justification-center is-layout-flex wp-container-core-social-links-is-layout-2bb63ab0 wp-block-social-links-is-layout-flex\"><li style=\"color:#f0c04b;background-color:#ffffff;\" class=\"wp-social-link wp-social-link-facebook has-accent-color has-white-background-color wp-block-social-link\"><a rel=\"noopener nofollow\" target=\"_blank\" href=\"https:\/\/www.facebook.com\/search\/top?q=aurelia%20chretien\" class=\"wp-block-social-link-anchor\"><svg width=\"24\" height=\"24\" viewBox=\"0 0 24 24\" version=\"1.1\" xmlns=\"http:\/\/www.w3.org\/2000\/svg\" aria-hidden=\"true\" focusable=\"false\"><path d=\"M12 2C6.5 2 2 6.5 2 12c0 5 3.7 9.1 8.4 9.9v-7H7.9V12h2.5V9.8c0-2.5 1.5-3.9 3.8-3.9 1.1 0 2.2.2 2.2.2v2.5h-1.3c-1.2 0-1.6.8-1.6 1.6V12h2.8l-.4 2.9h-2.3v7C18.3 21.1 22 17 22 12c0-5.5-4.5-10-10-10z\"><\/path><\/svg><span class=\"wp-block-social-link-label screen-reader-text\">Facebook<\/span><\/a><\/li>\n\n<li style=\"color:#f0c04b;background-color:#ffffff;\" class=\"wp-social-link wp-social-link-instagram has-accent-color has-white-background-color wp-block-social-link\"><a rel=\"noopener nofollow\" target=\"_blank\" href=\"https:\/\/www.instagram.com\/aurelia_chretien\/\" class=\"wp-block-social-link-anchor\"><svg width=\"24\" height=\"24\" viewBox=\"0 0 24 24\" version=\"1.1\" xmlns=\"http:\/\/www.w3.org\/2000\/svg\" aria-hidden=\"true\" focusable=\"false\"><path d=\"M12,4.622c2.403,0,2.688,0.009,3.637,0.052c0.877,0.04,1.354,0.187,1.671,0.31c0.42,0.163,0.72,0.358,1.035,0.673 c0.315,0.315,0.51,0.615,0.673,1.035c0.123,0.317,0.27,0.794,0.31,1.671c0.043,0.949,0.052,1.234,0.052,3.637 s-0.009,2.688-0.052,3.637c-0.04,0.877-0.187,1.354-0.31,1.671c-0.163,0.42-0.358,0.72-0.673,1.035 c-0.315,0.315-0.615,0.51-1.035,0.673c-0.317,0.123-0.794,0.27-1.671,0.31c-0.949,0.043-1.233,0.052-3.637,0.052 s-2.688-0.009-3.637-0.052c-0.877-0.04-1.354-0.187-1.671-0.31c-0.42-0.163-0.72-0.358-1.035-0.673 c-0.315-0.315-0.51-0.615-0.673-1.035c-0.123-0.317-0.27-0.794-0.31-1.671C4.631,14.688,4.622,14.403,4.622,12 s0.009-2.688,0.052-3.637c0.04-0.877,0.187-1.354,0.31-1.671c0.163-0.42,0.358-0.72,0.673-1.035 c0.315-0.315,0.615-0.51,1.035-0.673c0.317-0.123,0.794-0.27,1.671-0.31C9.312,4.631,9.597,4.622,12,4.622 M12,3 C9.556,3,9.249,3.01,8.289,3.054C7.331,3.098,6.677,3.25,6.105,3.472C5.513,3.702,5.011,4.01,4.511,4.511 c-0.5,0.5-0.808,1.002-1.038,1.594C3.25,6.677,3.098,7.331,3.054,8.289C3.01,9.249,3,9.556,3,12c0,2.444,0.01,2.751,0.054,3.711 c0.044,0.958,0.196,1.612,0.418,2.185c0.23,0.592,0.538,1.094,1.038,1.594c0.5,0.5,1.002,0.808,1.594,1.038 c0.572,0.222,1.227,0.375,2.185,0.418C9.249,20.99,9.556,21,12,21s2.751-0.01,3.711-0.054c0.958-0.044,1.612-0.196,2.185-0.418 c0.592-0.23,1.094-0.538,1.594-1.038c0.5-0.5,0.808-1.002,1.038-1.594c0.222-0.572,0.375-1.227,0.418-2.185 C20.99,14.751,21,14.444,21,12s-0.01-2.751-0.054-3.711c-0.044-0.958-0.196-1.612-0.418-2.185c-0.23-0.592-0.538-1.094-1.038-1.594 c-0.5-0.5-1.002-0.808-1.594-1.038c-0.572-0.222-1.227-0.375-2.185-0.418C14.751,3.01,14.444,3,12,3L12,3z M12,7.378 c-2.552,0-4.622,2.069-4.622,4.622S9.448,16.622,12,16.622s4.622-2.069,4.622-4.622S14.552,7.378,12,7.378z M12,15 c-1.657,0-3-1.343-3-3s1.343-3,3-3s3,1.343,3,3S13.657,15,12,15z M16.804,6.116c-0.596,0-1.08,0.484-1.08,1.08 s0.484,1.08,1.08,1.08c0.596,0,1.08-0.484,1.08-1.08S17.401,6.116,16.804,6.116z\"><\/path><\/svg><span class=\"wp-block-social-link-label screen-reader-text\">Instagram<\/span><\/a><\/li><\/ul>\n\n\n<div class=\"wp-block-image\">\n<figure class=\"aligncenter size-large is-resized\"><a href=\"https:\/\/www.doctolib.fr\/psychologue\/draguignan\/aurelia-chretien\"><img loading=\"lazy\" decoding=\"async\" width=\"1024\" height=\"271\" src=\"https:\/\/aureliachretien.com\/wp-content\/uploads\/2024\/11\/Doctolib_Logo.svg-1024x271.png\" alt=\"\" class=\"wp-image-573\" style=\"width:151px;height:auto\" srcset=\"https:\/\/aureliachretien.com\/wp-content\/uploads\/2024\/11\/Doctolib_Logo.svg-1024x271.png 1024w, https:\/\/aureliachretien.com\/wp-content\/uploads\/2024\/11\/Doctolib_Logo.svg-300x80.png 300w, https:\/\/aureliachretien.com\/wp-content\/uploads\/2024\/11\/Doctolib_Logo.svg-768x204.png 768w, https:\/\/aureliachretien.com\/wp-content\/uploads\/2024\/11\/Doctolib_Logo.svg.png 1200w\" sizes=\"auto, (max-width: 1024px) 100vw, 1024px\" \/><\/a><\/figure>\n<\/div>\n\n\n<div style=\"height:100px\" aria-hidden=\"true\" class=\"wp-block-spacer\"><\/div>\n","protected":false},"excerpt":{"rendered":"<p>Je m\u2019appelle Aur\u00e9lia, je suis psychologue clinicienne, pr\u00e9paratrice mentale, et titulaire d\u2019un doctorat en psychologie du sport. Je suis passionn\u00e9e par le fonctionnement de l\u2019individu et la mani\u00e8re dont nous pouvons nous R\u00e9parer apr\u00e8s avoir travers\u00e9 certaines \u00e9preuves et traumatismes. J\u2019adore \u00eatre en mouvement, marcher, courir, randonner, et me challenger, [&hellip;]<\/p>\n","protected":false},"author":1,"featured_media":924,"parent":0,"menu_order":0,"comment_status":"closed","ping_status":"closed","template":"","meta":{"_themeisle_gutenberg_block_has_review":false,"footnotes":""},"class_list":["post-188","page","type-page","status-publish","has-post-thumbnail","hentry"],"_links":{"self":[{"href":"https:\/\/aureliachretien.com\/index.php\/wp-json\/wp\/v2\/pages\/188","targetHints":{"allow":["GET"]}}],"collection":[{"href":"https:\/\/aureliachretien.com\/index.php\/wp-json\/wp\/v2\/pages"}],"about":[{"href":"https:\/\/aureliachretien.com\/index.php\/wp-json\/wp\/v2\/types\/page"}],"author":[{"embeddable":true,"href":"https:\/\/aureliachretien.com\/index.php\/wp-json\/wp\/v2\/users\/1"}],"replies":[{"embeddable":true,"href":"https:\/\/aureliachretien.com\/index.php\/wp-json\/wp\/v2\/comments?post=188"}],"version-history":[{"count":49,"href":"https:\/\/aureliachretien.com\/index.php\/wp-json\/wp\/v2\/pages\/188\/revisions"}],"predecessor-version":[{"id":781,"href":"https:\/\/aureliachretien.com\/index.php\/wp-json\/wp\/v2\/pages\/188\/revisions\/781"}],"wp:featuredmedia":[{"embeddable":true,"href":"https:\/\/aureliachretien.com\/index.php\/wp-json\/wp\/v2\/media\/924"}],"wp:attachment":[{"href":"https:\/\/aureliachretien.com\/index.php\/wp-json\/wp\/v2\/media?parent=188"}],"curies":[{"name":"wp","href":"https:\/\/api.w.org\/{rel}","templated":true}]}}