{"id":291,"date":"2024-11-19T16:15:30","date_gmt":"2024-11-19T15:15:30","guid":{"rendered":"https:\/\/aureliachretien.com\/?page_id=291"},"modified":"2026-01-25T18:27:23","modified_gmt":"2026-01-25T17:27:23","slug":"consultations","status":"publish","type":"page","link":"https:\/\/aureliachretien.com\/index.php\/consultations\/","title":{"rendered":"Psychoth\u00e9rapie"},"content":{"rendered":"\n<h2 id=\"wp-block-themeisle-blocks-advanced-heading-c495ae9f\" class=\"wp-block-themeisle-blocks-advanced-heading wp-block-themeisle-blocks-advanced-heading-c495ae9f\">Consultations de psychoth\u00e9rapie<\/h2>\n\n\n\n<p class=\"has-medium-font-size\">La psychoth\u00e9rapie consiste en un accompagnement psychologique destin\u00e9 \u00e0 toute personne ressentant le besoin d\u2019\u00eatre soutenue pour traverser une p\u00e9riode difficile, et les cons\u00e9quences \u00e9motionnelles, relationnelles ou existentielles qu\u2019elle engendre. N\u00e9anmoins, la psychoth\u00e9rapie ne se limite pas uniquement aux personnes souffrants de sympt\u00f4mes ou d\u2019\u00e9tats sp\u00e9cifiques comme une d\u00e9pression. Bien au contraire, la psychoth\u00e9rapie offre un espace d\u2019accueil o\u00f9 chaque individu est respect\u00e9 dans sa singularit\u00e9. C\u2019est un lieu propice \u00e0 la d\u00e9couverte de Soi, o\u00f9 l\u2019on apprend \u00e0 se conna\u00eetre, soit \u00e0 mieux comprendre ses pens\u00e9es, ses \u00e9motions et ses comportements. Les prises de conscience permettent d\u2019apporter des changements concrets et durables dans sa vie.<\/p>\n\n\n\n<p class=\"has-medium-font-size\">La psychoth\u00e9rapie s\u2019adresse \u00e0 toutes personnes souhaitant mieux comprendre son fonctionnement, d\u00e9passer ses blocages, se lib\u00e9rer de sch\u00e9mas r\u00e9p\u00e9titifs, et apprendre \u00e0 accueillir ses \u00e9motions avec plus de bienveillance.<\/p>\n\n\n\n<div style=\"height:64px\" aria-hidden=\"true\" class=\"wp-block-spacer\"><\/div>\n\n\n\n<h3 id=\"wp-block-themeisle-blocks-advanced-heading-999f2077\" class=\"wp-block-themeisle-blocks-advanced-heading wp-block-themeisle-blocks-advanced-heading-999f2077\"><em>Indications \u00e0 la psychoth\u00e9rapie<\/em><\/h3>\n\n\n\n<p class=\"has-medium-font-size\">La th\u00e9rapie est indiqu\u00e9e pour traiter diff\u00e9rents sympt\u00f4mes tels que le stress, l&rsquo;anxi\u00e9t\u00e9 (crises d&rsquo;angoisse), la d\u00e9pression (sympt\u00f4mes d\u00e9pressifs), le burn-out (\u00e9puisement professionnel), les difficult\u00e9s relationnelles, la gestion des \u00e9motions, ainsi que toute autre probl\u00e9matique venant affecter le bien-\u00eatre et l&rsquo;\u00e9quilibre d&rsquo;une personne. <\/p>\n\n\n\n<div style=\"height:64px\" aria-hidden=\"true\" class=\"wp-block-spacer\"><\/div>\n\n\n\n<h3 id=\"wp-block-themeisle-blocks-advanced-heading-dd1010a8\" class=\"wp-block-themeisle-blocks-advanced-heading wp-block-themeisle-blocks-advanced-heading-dd1010a8\"><em>Tarifs<\/em><\/h3>\n\n\n\n<p class=\"has-medium-font-size\"><strong>La consultation est factur\u00e9e 70\u20ac (50 minutes)<\/strong><\/p>\n\n\n\n<div style=\"height:100px\" aria-hidden=\"true\" class=\"wp-block-spacer\"><\/div>\n\n\n\n<div id=\"wp-block-themeisle-blocks-advanced-columns-0756495c\" class=\"wp-block-themeisle-blocks-advanced-columns alignwide has-1-columns has-desktop-equal-layout has-tablet-equal-layout has-mobile-equal-layout has-vertical-unset has-light-bg\"><div class=\"wp-block-themeisle-blocks-advanced-columns-overlay\"><\/div><div class=\"innerblocks-wrap\">\n<div id=\"wp-block-themeisle-blocks-advanced-column-a6b731d7\" class=\"wp-block-themeisle-blocks-advanced-column\">\n<p><\/p>\n\n\n\n<h2 id=\"wp-block-themeisle-blocks-advanced-heading-e6e42cf0\" class=\"wp-block-themeisle-blocks-advanced-heading wp-block-themeisle-blocks-advanced-heading-e6e42cf0\">Consultations de pr\u00e9paration mentale <\/h2>\n\n\n\n<p class=\"has-text-align-center\" style=\"font-size:20px\"><strong>Depuis le 1er janvier 2026, je ne propose plus de prise en charge en pr\u00e9paration mentale.<\/strong><\/p>\n\n\n\n<p class=\"has-text-align-center\" style=\"font-size:20px\"><br>Mon accompagnement se concentre d\u00e9sormais sur la sant\u00e9 mentale et le fonctionnement \u00e9motionnel, que je consid\u00e8re comme des fondements essentiels \u00e0 une vie \u00e9quilibr\u00e9e.<br>La recherche de la performance, lorsqu\u2019elle devient unique et absolue, peut parfois se faire au d\u00e9triment du bien-\u00eatre psychologique et fragiliser l\u2019individu.<br>Aujourd\u2019hui, j\u2019accompagne toujours des athl\u00e8tes, des dirigeants et des personnes expos\u00e9es \u00e0 de fortes exigences, dans une d\u00e9marche psychoth\u00e9rapeutique, visant \u00e0 soutenir une articulation durable entre vie professionnelle, vie personnelle et sant\u00e9 mentale.<\/p>\n<\/div>\n<\/div><\/div>\n\n\n\n<div style=\"height:100px\" aria-hidden=\"true\" class=\"wp-block-spacer\"><\/div>\n\n\n\n\n\n<div id=\"wp-block-themeisle-blocks-advanced-columns-066ae0d6\" class=\"wp-block-themeisle-blocks-advanced-columns alignfull has-1-columns has-desktop-equal-layout has-tablet-equal-layout has-mobile-equal-layout has-vertical-unset\"><div class=\"wp-block-themeisle-blocks-advanced-columns-overlay\"><\/div><div class=\"innerblocks-wrap\">\n<div id=\"wp-block-themeisle-blocks-advanced-column-6572ba2d\" class=\"wp-block-themeisle-blocks-advanced-column\">\n<h1 id=\"wp-block-themeisle-blocks-advanced-heading-3293d366\" class=\"wp-block-themeisle-blocks-advanced-heading wp-block-themeisle-blocks-advanced-heading-3293d366\">Informations pratiques<\/h1>\n\n\n\n<p class=\"has-text-align-center has-white-color has-text-color\" style=\"font-size:20px\">Les consultations se font uniquement sur rendez-vous. <\/p>\n\n\n\n<p class=\"has-text-align-center has-white-color has-text-color\" style=\"font-size:20px\">Pour les personnes qui ne peuvent pas se d\u00e9placer ou dont l&rsquo;\u00e9loignement g\u00e9ographique rend les consultations au cabinet difficiles, un accompagnement en ligne en visioconf\u00e9rence (via Zoom) est propos\u00e9.<\/p>\n\n\n\n<div class=\"wp-block-buttons is-horizontal is-content-justification-center is-layout-flex wp-container-core-buttons-is-layout-03627597 wp-block-buttons-is-layout-flex\">\n<div class=\"wp-block-button is-style-secondary\"><a class=\"wp-block-button__link has-accent-background-color has-text-color has-background has-link-color has-custom-font-size wp-element-button\" href=\"https:\/\/www.doctolib.fr\/psychologue\/draguignan\/aurelia-chretien\" style=\"border-radius:0px;color:#1f2025;padding-top:20px;padding-right:40px;padding-bottom:20px;padding-left:40px;font-size:15px;font-style:normal;font-weight:700\">Prendre RDV<\/a><\/div>\n<\/div>\n<\/div>\n<\/div><\/div>\n\n\n\n<p><\/p>\n\n\n\n<p class=\"has-text-align-center has-black-color has-text-color has-link-color wp-elements-5e9cd59ba856b6ccc66da93e02ad15e2\" style=\"font-size:26px\"><strong>Important<\/strong><\/p>\n\n\n\n<p class=\"has-text-align-center has-black-color has-text-color has-link-color wp-elements-7dd9bdc46573b83cd737f15dce0d43ce\" style=\"font-size:20px\">Il est possible de modifier un rendez-vous dans la limite des cr\u00e9neaux disponibles. Cependant, toute consultation qui ne sera pas annul\u00e9e 24h \u00e0 l\u2019avance, sera consid\u00e9r\u00e9e comme d\u00fb pour poursuivre la prise en charge.<\/p>\n\n\n\n<p class=\"has-text-align-center has-black-color has-text-color has-link-color wp-elements-e9cab06341dff5e06198034696f2e3d3\" style=\"font-size:20px\">Les consultations ne sont pas rembours\u00e9es par la s\u00e9curit\u00e9 sociale, mais je vous invite \u00e0 vous rapprocher de votre mutuelle afin de prendre connaissance de vos options de remboursement concernant la psychoth\u00e9rapie.<\/p>\n\n\n\n<div style=\"height:72px\" aria-hidden=\"true\" class=\"wp-block-spacer\"><\/div>\n\n\n\n<p class=\"has-text-align-center has-accent-color has-text-color has-link-color wp-elements-27cb5835a30250619a60dc94b097b712\" style=\"border-width:2px;font-size:26px\"><strong>Je re\u00e7ois les adolescents \u00e0 partir de 16 ans et les adultes uniquement<\/strong><\/p>\n\n\n\n<div style=\"height:100px\" aria-hidden=\"true\" class=\"wp-block-spacer\"><\/div>\n\n\n\n<ul class=\"wp-block-social-links has-large-icon-size has-icon-color has-icon-background-color is-content-justification-center is-layout-flex wp-container-core-social-links-is-layout-2bb63ab0 wp-block-social-links-is-layout-flex\"><li style=\"color:#f0c04b;background-color:#ffffff;\" class=\"wp-social-link wp-social-link-facebook has-accent-color has-white-background-color wp-block-social-link\"><a rel=\"noopener nofollow\" target=\"_blank\" href=\"https:\/\/www.facebook.com\/search\/top?q=aurelia%20chretien\" class=\"wp-block-social-link-anchor\"><svg width=\"24\" height=\"24\" viewBox=\"0 0 24 24\" version=\"1.1\" xmlns=\"http:\/\/www.w3.org\/2000\/svg\" aria-hidden=\"true\" focusable=\"false\"><path d=\"M12 2C6.5 2 2 6.5 2 12c0 5 3.7 9.1 8.4 9.9v-7H7.9V12h2.5V9.8c0-2.5 1.5-3.9 3.8-3.9 1.1 0 2.2.2 2.2.2v2.5h-1.3c-1.2 0-1.6.8-1.6 1.6V12h2.8l-.4 2.9h-2.3v7C18.3 21.1 22 17 22 12c0-5.5-4.5-10-10-10z\"><\/path><\/svg><span class=\"wp-block-social-link-label screen-reader-text\">Facebook<\/span><\/a><\/li>\n\n<li style=\"color:#f0c04b;background-color:#ffffff;\" class=\"wp-social-link wp-social-link-instagram has-accent-color has-white-background-color wp-block-social-link\"><a rel=\"noopener nofollow\" target=\"_blank\" href=\"https:\/\/www.instagram.com\/aurelia_chretien\/\" class=\"wp-block-social-link-anchor\"><svg width=\"24\" height=\"24\" viewBox=\"0 0 24 24\" version=\"1.1\" xmlns=\"http:\/\/www.w3.org\/2000\/svg\" aria-hidden=\"true\" focusable=\"false\"><path d=\"M12,4.622c2.403,0,2.688,0.009,3.637,0.052c0.877,0.04,1.354,0.187,1.671,0.31c0.42,0.163,0.72,0.358,1.035,0.673 c0.315,0.315,0.51,0.615,0.673,1.035c0.123,0.317,0.27,0.794,0.31,1.671c0.043,0.949,0.052,1.234,0.052,3.637 s-0.009,2.688-0.052,3.637c-0.04,0.877-0.187,1.354-0.31,1.671c-0.163,0.42-0.358,0.72-0.673,1.035 c-0.315,0.315-0.615,0.51-1.035,0.673c-0.317,0.123-0.794,0.27-1.671,0.31c-0.949,0.043-1.233,0.052-3.637,0.052 s-2.688-0.009-3.637-0.052c-0.877-0.04-1.354-0.187-1.671-0.31c-0.42-0.163-0.72-0.358-1.035-0.673 c-0.315-0.315-0.51-0.615-0.673-1.035c-0.123-0.317-0.27-0.794-0.31-1.671C4.631,14.688,4.622,14.403,4.622,12 s0.009-2.688,0.052-3.637c0.04-0.877,0.187-1.354,0.31-1.671c0.163-0.42,0.358-0.72,0.673-1.035 c0.315-0.315,0.615-0.51,1.035-0.673c0.317-0.123,0.794-0.27,1.671-0.31C9.312,4.631,9.597,4.622,12,4.622 M12,3 C9.556,3,9.249,3.01,8.289,3.054C7.331,3.098,6.677,3.25,6.105,3.472C5.513,3.702,5.011,4.01,4.511,4.511 c-0.5,0.5-0.808,1.002-1.038,1.594C3.25,6.677,3.098,7.331,3.054,8.289C3.01,9.249,3,9.556,3,12c0,2.444,0.01,2.751,0.054,3.711 c0.044,0.958,0.196,1.612,0.418,2.185c0.23,0.592,0.538,1.094,1.038,1.594c0.5,0.5,1.002,0.808,1.594,1.038 c0.572,0.222,1.227,0.375,2.185,0.418C9.249,20.99,9.556,21,12,21s2.751-0.01,3.711-0.054c0.958-0.044,1.612-0.196,2.185-0.418 c0.592-0.23,1.094-0.538,1.594-1.038c0.5-0.5,0.808-1.002,1.038-1.594c0.222-0.572,0.375-1.227,0.418-2.185 C20.99,14.751,21,14.444,21,12s-0.01-2.751-0.054-3.711c-0.044-0.958-0.196-1.612-0.418-2.185c-0.23-0.592-0.538-1.094-1.038-1.594 c-0.5-0.5-1.002-0.808-1.594-1.038c-0.572-0.222-1.227-0.375-2.185-0.418C14.751,3.01,14.444,3,12,3L12,3z M12,7.378 c-2.552,0-4.622,2.069-4.622,4.622S9.448,16.622,12,16.622s4.622-2.069,4.622-4.622S14.552,7.378,12,7.378z M12,15 c-1.657,0-3-1.343-3-3s1.343-3,3-3s3,1.343,3,3S13.657,15,12,15z M16.804,6.116c-0.596,0-1.08,0.484-1.08,1.08 s0.484,1.08,1.08,1.08c0.596,0,1.08-0.484,1.08-1.08S17.401,6.116,16.804,6.116z\"><\/path><\/svg><span class=\"wp-block-social-link-label screen-reader-text\">Instagram<\/span><\/a><\/li><\/ul>\n\n\n<div class=\"wp-block-image\">\n<figure class=\"aligncenter size-large is-resized\"><a href=\"https:\/\/www.doctolib.fr\/psychologue\/draguignan\/aurelia-chretien\"><img loading=\"lazy\" decoding=\"async\" width=\"1024\" height=\"271\" src=\"https:\/\/aureliachretien.com\/wp-content\/uploads\/2024\/11\/Doctolib_Logo.svg-1024x271.png\" alt=\"\" class=\"wp-image-573\" style=\"width:151px;height:auto\" srcset=\"https:\/\/aureliachretien.com\/wp-content\/uploads\/2024\/11\/Doctolib_Logo.svg-1024x271.png 1024w, https:\/\/aureliachretien.com\/wp-content\/uploads\/2024\/11\/Doctolib_Logo.svg-300x80.png 300w, https:\/\/aureliachretien.com\/wp-content\/uploads\/2024\/11\/Doctolib_Logo.svg-768x204.png 768w, https:\/\/aureliachretien.com\/wp-content\/uploads\/2024\/11\/Doctolib_Logo.svg.png 1200w\" sizes=\"auto, (max-width: 1024px) 100vw, 1024px\" \/><\/a><\/figure>\n<\/div>\n\n\n<div style=\"height:100px\" aria-hidden=\"true\" class=\"wp-block-spacer\"><\/div>\n","protected":false},"excerpt":{"rendered":"<p>La psychoth\u00e9rapie consiste en un accompagnement psychologique destin\u00e9 \u00e0 toute personne ressentant le besoin d\u2019\u00eatre soutenue pour traverser une p\u00e9riode difficile, et les cons\u00e9quences \u00e9motionnelles, relationnelles ou existentielles qu\u2019elle engendre. N\u00e9anmoins, la psychoth\u00e9rapie ne se limite pas uniquement aux personnes souffrants de sympt\u00f4mes ou d\u2019\u00e9tats sp\u00e9cifiques comme une d\u00e9pression. Bien [&hellip;]<\/p>\n","protected":false},"author":1,"featured_media":910,"parent":0,"menu_order":0,"comment_status":"closed","ping_status":"closed","template":"","meta":{"_themeisle_gutenberg_block_has_review":false,"footnotes":""},"class_list":["post-291","page","type-page","status-publish","has-post-thumbnail","hentry"],"_links":{"self":[{"href":"https:\/\/aureliachretien.com\/index.php\/wp-json\/wp\/v2\/pages\/291","targetHints":{"allow":["GET"]}}],"collection":[{"href":"https:\/\/aureliachretien.com\/index.php\/wp-json\/wp\/v2\/pages"}],"about":[{"href":"https:\/\/aureliachretien.com\/index.php\/wp-json\/wp\/v2\/types\/page"}],"author":[{"embeddable":true,"href":"https:\/\/aureliachretien.com\/index.php\/wp-json\/wp\/v2\/users\/1"}],"replies":[{"embeddable":true,"href":"https:\/\/aureliachretien.com\/index.php\/wp-json\/wp\/v2\/comments?post=291"}],"version-history":[{"count":148,"href":"https:\/\/aureliachretien.com\/index.php\/wp-json\/wp\/v2\/pages\/291\/revisions"}],"predecessor-version":[{"id":946,"href":"https:\/\/aureliachretien.com\/index.php\/wp-json\/wp\/v2\/pages\/291\/revisions\/946"}],"wp:featuredmedia":[{"embeddable":true,"href":"https:\/\/aureliachretien.com\/index.php\/wp-json\/wp\/v2\/media\/910"}],"wp:attachment":[{"href":"https:\/\/aureliachretien.com\/index.php\/wp-json\/wp\/v2\/media?parent=291"}],"curies":[{"name":"wp","href":"https:\/\/api.w.org\/{rel}","templated":true}]}}