{"id":607,"date":"2024-12-05T09:29:16","date_gmt":"2024-12-05T08:29:16","guid":{"rendered":"https:\/\/aureliachretien.com\/?page_id=607"},"modified":"2024-12-05T09:43:17","modified_gmt":"2024-12-05T08:43:17","slug":"mentions-legales","status":"publish","type":"page","link":"https:\/\/aureliachretien.com\/index.php\/mentions-legales\/","title":{"rendered":"Mentions L\u00e9gales"},"content":{"rendered":"\n<h2 class=\"wp-block-heading\">Identit\u00e9:<\/h2>\n\n\n\n<p>Le pr\u00e9sent site<a href=\"http:\/\/aureliachretien.com\" data-type=\"link\" data-id=\"http:\/\/aureliachretien.com\">\u00a0www.aureliachretien.com<\/a> (le \u00ab Site \u00bb) est \u00e9dit\u00e9 par Mme Aur\u00e9lia Chr\u00e9tien, docteure en pyschologie, psychologue clinicienne et pr\u00e9paratrice mentale, exer\u00e7ant au 153 Rue Victor Hugo 83830 Puget sur Argens<\/p>\n\n\n\n<p>Directrice de publication: Aur\u00e9lia Chr\u00e9tien | R\u00e9alisation:\u00a0<a href=\"https:\/\/www.comthesun.fr\/\" target=\"_blank\" rel=\"noreferrer noopener\">comthesun.fr<\/a><br>L\u2019h\u00e9bergement du site Internet est h\u00e9berg\u00e9 par la soci\u00e9t\u00e9 OVHCLOUD, Si\u00e8ge de la soci\u00e9t\u00e9: 2 RUE KELLERMANN, 59100 ROUBAIX, immatricul\u00e9e au Registre au greffe de LILLEMETROPOLE \u2013 Num\u00e9ro RCS: 424 761 419 R.C.S. Lillemetropole \u2013 Num\u00e9ro TVA: FR22424761419<\/p>\n\n\n\n<p>L\u2019acc\u00e8s au Site ainsi que l\u2019utilisation de son contenu s\u2019effectuent dans le cadre des mentions d\u2019utilisation d\u00e9crites ci-apr\u00e8s. Le fait d\u2019acc\u00e9der et de naviguer sur le Site constitue de la part de l\u2019internaute une acceptation sans r\u00e9serve des pr\u00e9cisions suivantes.<\/p>\n\n\n\n<h2 class=\"wp-block-heading\">Propri\u00e9t\u00e9 Intellectuelle:<\/h2>\n\n\n\n<h3 class=\"wp-block-heading\">Titularit\u00e9:<\/h3>\n\n\n\n<p>Mme Aur\u00e9lia Chr\u00e9tien est titulaire du nom de domaine du Site.<\/p>\n\n\n\n<p>Le Site dans son ensemble ainsi que les \u00e9l\u00e9ments qui le composent (notamment, textes, arborescences, logiciels, animations, photographies, vid\u00e9os, illustrations, sch\u00e9mas, repr\u00e9sentations graphiques, logos, etc.) constituent des \u0153uvres de l\u2019esprit prot\u00e9g\u00e9es par les articles L. 111-1 et suivants du Code de la propri\u00e9t\u00e9 intellectuelle. Ils sont la propri\u00e9t\u00e9 exclusive de Mme Aur\u00e9lia Chr\u00e9tien, seule habilit\u00e9e \u00e0 utiliser les dits droits de propri\u00e9t\u00e9 intellectuelle ainsi que les droits de la personnalit\u00e9 y aff\u00e9rents, les marques, les mod\u00e8les, les \u0153uvres de l\u2019esprit, les logiciels, les bases de donn\u00e9es, les interpr\u00e9tations, les images de personnes et ce, \u00e0 titre originaire ou par l\u2019effet d\u2019une licence ou d\u2019une autorisation expresse.<\/p>\n\n\n\n<h3 class=\"wp-block-heading\">Sanctions:<\/h3>\n\n\n\n<p>L\u2019usage de tout ou partie du Site, notamment par t\u00e9l\u00e9chargement, reproduction, transmission, repr\u00e9sentation ou diffusion \u00e0 d\u2019autres fins que pour l\u2019usage personnel et priv\u00e9 dans un but non commercial de l\u2019internaute est strictement interdit. La violation des droits de Mme Aur\u00e9lia Chr\u00e9tien expose son auteur aux sanctions pr\u00e9vues tant par le Code de la propri\u00e9t\u00e9 intellectuelle au titre, notamment, de la contrefa\u00e7on de droits d\u2019auteur (article L. 335-1 et suivants), de droit de marques (article L. 716-1 et suivants) que par le Code civil en mati\u00e8re de responsabilit\u00e9 civile (article 9, articles 1382 et suivants).<\/p>\n\n\n\n<h3 class=\"wp-block-heading\">Liens hypertextes:<\/h3>\n\n\n\n<p>La cr\u00e9ation de tous liens hypertextes renvoyant \u00e0 l\u2019une quelconque des pages web ou \u00e9l\u00e9ments composant le Site est interdite, sauf autorisation \u00e9crite et pr\u00e9alable de Mme Aur\u00e9lia Chr\u00e9tien laquelle autorisation pouvant \u00eatre r\u00e9voqu\u00e9e \u00e0 tout moment. Tous les sites ayant un lien hypertexte dirigeant vers le Site ou l\u2019un quelconque des \u00e9l\u00e9ments qui le composent ne sont pas sous le contr\u00f4le de Mme Aur\u00e9lia Chr\u00e9tien celle-ci d\u00e9cline par cons\u00e9quent toute responsabilit\u00e9 (notamment \u00e9ditoriale) concernant l\u2019acc\u00e8s et le contenu \u00e0 ces sites.<\/p>\n\n\n\n<h2 class=\"wp-block-heading\">Responsabilit\u00e9:<\/h2>\n\n\n\n<p>Mme Aur\u00e9lia Chr\u00e9tien  s\u2019efforce d\u2019assurer au mieux de ses possibilit\u00e9s l\u2019exactitude et la mise \u00e0 jour des informations diffus\u00e9es sur le Site, dont elle se r\u00e9serve le droit de corriger, \u00e0 tout moment et sans pr\u00e9avis, le contenu. Toutefois, L\u2019entreprise Aur\u00e9lia Chr\u00e9tien ne peut garantir l\u2019exactitude, la pr\u00e9cision et l\u2019exhaustivit\u00e9 des informations mises \u00e0 disposition sur le Site, lesquelles informations ne constituent ni une garantie ni un engagement de la part de Aur\u00e9lia Chr\u00e9tien \u00e0 l\u2019\u00e9gard de l\u2019internaute.<\/p>\n\n\n\n<p>En particulier, Mme Aur\u00e9lia Chr\u00e9tien ne saurait \u00eatre tenue pour responsable :<\/p>\n\n\n\n<p>\u2013 de toute impr\u00e9cision, inexactitude ou omission portant sur des informations disponibles sur le Site ;<\/p>\n\n\n\n<p>\u2013 de tous dommages r\u00e9sultant d\u2019une intrusion informatique d\u2019un tiers ayant entra\u00een\u00e9 une modification des informations mises \u00e0 disposition sur le Site ;<\/p>\n\n\n\n<p>\u2013 et plus g\u00e9n\u00e9ralement, de tous dommages, directs ou indirects, qu\u2019elles qu\u2019en soient les causes, origines, natures et cons\u00e9quences, provoqu\u00e9s en raison de l\u2019acc\u00e8s de quiconque au Site ou de l\u2019impossibilit\u00e9 d\u2019y acc\u00e9der, de m\u00eame que de l\u2019utilisation du Site et\/ou du cr\u00e9dit accord\u00e9 \u00e0 une quelconque information provenant directement ou indirectement de ce dernier.<\/p>\n\n\n\n<p>Mme Aur\u00e9lia Chr\u00e9tien met en \u0153uvre des moyens destin\u00e9s \u00e0 assurer la s\u00e9curit\u00e9 des fichiers constitu\u00e9s \u00e0 partir des donn\u00e9es \u00e0 caract\u00e8re personnel collect\u00e9es sur le Site. Il est toutefois rappel\u00e9 que Mme Aur\u00e9lia Chr\u00e9tien ne ma\u00eetrise pas les risques li\u00e9s au fonctionnement d\u2019Internet et attire l\u2019attention des internautes sur l\u2019existence d\u2019\u00e9ventuels risques en terme de confidentialit\u00e9 des donn\u00e9es transitant via ce r\u00e9seau.<\/p>\n\n\n\n<h2 class=\"wp-block-heading\">Modification des mentions:<\/h2>\n\n\n\n<p>Mme Aur\u00e9lia Chr\u00e9tien informe les internautes consultant le Site que les pr\u00e9sentes mentions peuvent \u00eatre modifi\u00e9es \u00e0 tout moment. Ces modifications sont publi\u00e9es par leur mise en ligne et sont r\u00e9put\u00e9es accept\u00e9es sans r\u00e9serve par tout internaute qui acc\u00e8de au Site post\u00e9rieurement \u00e0 leur mise en ligne.<\/p>\n\n\n\n<h2 class=\"wp-block-heading\">Litiges:<\/h2>\n\n\n\n<p>Les pr\u00e9sentes mentions sont \u00e9tablies en conformit\u00e9 avec le droit fran\u00e7ais et notamment des dispositions de la loi n\u00b02004-575 du 21 juin 2004 pour la confiance dans l\u2019\u00e9conomie num\u00e9rique et de la loi n\u00b078-17 du 6 janvier 1978 relative \u00e0 l\u2019informatique, aux fichiers et aux libert\u00e9s. Les juridictions fran\u00e7aises sont territorialement comp\u00e9tentes pour conna\u00eetre de tout litige aff\u00e9rent \u00e0 l\u2019utilisation du Site, sauf dispositions contraires d\u00e9coulant du R\u00e8glement n\u00b044\/2001 du 20 d\u00e9cembre 2000 sur la comp\u00e9tence judiciaire, la reconnaissance et l\u2019ex\u00e9cution des d\u00e9cisions en mati\u00e8re civile et commerciale (Bruxelles I).<\/p>\n\n\n\n<p>Pour toute question que l\u2019internaute pourrait se poser sur l\u2019utilisation du Site et\/ou sur les pr\u00e9sentes mentions, pour toute demande qu\u2019il pourrait souhaiter adresser \u00e0 Mme Aur\u00e9lia Chr\u00e9tien, il peut lui adresser un message dans la rubrique \u00ab&nbsp;CONTACT&nbsp;\u00bb du Site et\/ou un courrier \u00e9lectronique \u00e0 l\u2019adresse suivante :&nbsp;<a href=\"mailto:contact@ameetterreceramique.fr\">aurelia.chretien@outlook.com<\/a><\/p>\n","protected":false},"excerpt":{"rendered":"<p>Identit\u00e9: Le pr\u00e9sent site\u00a0www.aureliachretien.com (le \u00ab Site \u00bb) est \u00e9dit\u00e9 par Mme Aur\u00e9lia Chr\u00e9tien, docteure en pyschologie, psychologue clinicienne et pr\u00e9paratrice mentale, exer\u00e7ant au 153 Rue Victor Hugo 83830 Puget sur Argens Directrice de publication: Aur\u00e9lia Chr\u00e9tien | R\u00e9alisation:\u00a0comthesun.frL\u2019h\u00e9bergement du site Internet est h\u00e9berg\u00e9 par la soci\u00e9t\u00e9 OVHCLOUD, Si\u00e8ge de [&hellip;]<\/p>\n","protected":false},"author":1,"featured_media":0,"parent":0,"menu_order":0,"comment_status":"closed","ping_status":"closed","template":"","meta":{"_themeisle_gutenberg_block_has_review":false,"footnotes":""},"class_list":["post-607","page","type-page","status-publish","hentry"],"_links":{"self":[{"href":"https:\/\/aureliachretien.com\/index.php\/wp-json\/wp\/v2\/pages\/607","targetHints":{"allow":["GET"]}}],"collection":[{"href":"https:\/\/aureliachretien.com\/index.php\/wp-json\/wp\/v2\/pages"}],"about":[{"href":"https:\/\/aureliachretien.com\/index.php\/wp-json\/wp\/v2\/types\/page"}],"author":[{"embeddable":true,"href":"https:\/\/aureliachretien.com\/index.php\/wp-json\/wp\/v2\/users\/1"}],"replies":[{"embeddable":true,"href":"https:\/\/aureliachretien.com\/index.php\/wp-json\/wp\/v2\/comments?post=607"}],"version-history":[{"count":2,"href":"https:\/\/aureliachretien.com\/index.php\/wp-json\/wp\/v2\/pages\/607\/revisions"}],"predecessor-version":[{"id":622,"href":"https:\/\/aureliachretien.com\/index.php\/wp-json\/wp\/v2\/pages\/607\/revisions\/622"}],"wp:attachment":[{"href":"https:\/\/aureliachretien.com\/index.php\/wp-json\/wp\/v2\/media?parent=607"}],"curies":[{"name":"wp","href":"https:\/\/api.w.org\/{rel}","templated":true}]}}